{"id":777,"date":"2026-03-21T18:33:35","date_gmt":"2026-03-21T18:33:35","guid":{"rendered":"https:\/\/minevindel.com\/?page_id=777"},"modified":"2026-03-21T18:33:35","modified_gmt":"2026-03-21T18:33:35","slug":"grupos-minerales","status":"publish","type":"page","link":"http:\/\/minevindel.com\/index.php\/grupos-minerales\/","title":{"rendered":"Grupos minerales"},"content":{"rendered":"\n<p><\/p>\n\n\n<p><strong>CARACTER\u00cdSTICAS DE LOS GRUPOS MINERALES<\/strong><\/p>\n<p><strong>1. ELEMENTOS NATIVOS<\/strong><\/p>\n<p>Son elementos qu\u00edmicos que se encuentran en forma de mineral en la naturaleza. Los elementos nativos pueden dividirse en 1) metales nativos, 2) semimetales nativos y 3) no metales. Los metales nativos presentan enlace met\u00e1lico, maleabilidad, opacidad, brillo met\u00e1lico, buena conductividad el\u00e9ctrica y t\u00e9rmica y densidad alta. Los semimetales nativos tienen enlace intermedio entre met\u00e1lico y covalente. Los no metales tienen esencialmente enlace covalente.<\/p>\n<p><strong>2. SULFUROS Y SULFOSALES<\/strong><\/p>\n<p>Son combinaciones metales + S (en menor proporci\u00f3n Se y Te). Son compuestos relativamente simples de formula general XmZn, siendo X cationes, unos 20 (Fe, Cu, Pb, Zn, Ni, Co, Ag,\u2026) y Z aniones S, Se, Te, As (Sb).<\/p>\n<p>La mayor\u00eda de los sulfuros son opacos, tienen colores caracter\u00edsticos y son compuestos relativamente simples. Brillo met\u00e1lico o submet\u00e1lico (predominio de enlace met\u00e1lico) y densidad relativamente alta. Los sulfuros tienen la mayor\u00eda alta simetr\u00eda, c\u00fabicos, hexagonales. Los sulfuros m\u00e1s complejos tienen baja simetr\u00eda, r\u00f3mbicos o monocl\u00ednicos.<\/p>\n<p><strong>3. HALOGENUROS<\/strong><\/p>\n<p>Los halogenuros se caracterizan por los iones hal\u00f3genos electronegativos, Cl<sup>&#8211;<\/sup>, Br<sup>&#8211;<\/sup>, F<sup>&#8211;<\/sup>, I<sup>&#8211;<\/sup>. Estos son grandes, tienen -1 de carga y se polarizan f\u00e1cil. Cuando se combinan con cationes grandes, d\u00e9bil polarizados y de valencia baja, el empaquetamiento de estas unidades esf\u00e9ricas lleva a la mayor simetr\u00eda posible.<\/p>\n<p><strong>4. \u00d3XIDOS E HIDR\u00d3XIDOS <\/strong><\/p>\n<p>Los \u00f3xidos comprenden aquellos compuestos en los que el ox\u00edgeno se encuentra combinado con uno o m\u00e1s metales, \u00f3xidos simples y \u00f3xidos m\u00faltiples. Son una combinaci\u00f3n de metales (raro semimetales o no metales) con ox\u00edgeno o con OH (hidr\u00f3xidos).<\/p>\n<p>Tienen alta simetr\u00eda (c\u00fabicos, trigonales, hexagonales). Los monocl\u00ednicos son raros y solo hay dos tricl\u00ednicos muy raros. Poseen brillo met\u00e1lico o submet\u00e1lico y la densidad relativamente alta. Constituyen el 5% de la litosfera, sin incluir el cuarzo.<\/p>\n<p><strong>5. CARBONATOS, NITRATOS Y BORATOS<\/strong><\/p>\n<p>Se caracterizan por tener en su estructura XO<sub>3<\/sub>: (CO<sub>3<\/sub>)<sup>2- <\/sup>(Carbonatos), (NO<sub>3<\/sub>)<sup>1-<\/sup> (Nitratos) y (BO<sub>3<\/sub>)<sup>3-<\/sup> (Boratos). Tienen una configuraci\u00f3n triangular plana.<\/p>\n<p>El enlace en carbonatos, entre C-O es covalente y entre tri\u00e1ngulos es i\u00f3nico. Contiene los cationes entre los grupos triangulares, Ca, Mg, Fe, Mn, Cu, Ba, U, TR; aniones adicionales, OH<sup>&#8211;<\/sup>, F<sup>&#8211;<\/sup> y mol\u00e9culas de H<sub>2<\/sub>O (a veces). Tienen media dureza 3 (+ duros los carbonatos de TR), la densidad var\u00eda con la composici\u00f3n qu\u00edmica y alta birrefringencia debido a los grupos planares CO<sub>3<\/sub>.<\/p>\n<p>El color de los carbonatos est\u00e1 sujeto a la presencia o ausencia de iones crom\u00f3foros, Cu: verdes o azules, U: amarillo, TR y Fe: pardos, Co: rosa. La mayor\u00eda son incoloros o blancos.<\/p>\n<p><strong>6. SULFATOS, CROMATOS, MOLIBDATOS, WOLFRAMATOS<\/strong><\/p>\n<p>A los grupos (SO<sub>4<\/sub>)<sup>2-<\/sup>, (CrO<sub>4<\/sub>)<sup>2-<\/sup>, (MoO<sub>4<\/sub>)<sup>2- <\/sup>y (WO<sub>4<\/sub>)<sup>2-<\/sup> pertenecen las unidades estructurales de los sulfatos, cromatos, molibdatos y wolframatos. Los aniones de tipo XO<sub>4<\/sub> son los m\u00e1s difundidos en la naturaleza. Tienen una configuraci\u00f3n con tetraedros regulares: (SO<sub>4<\/sub>)<sup>2-<\/sup>, (CrO<sub>4<\/sub>)<sup>2-<\/sup> y otros con los tetraedros distorsionados: (WO<sub>4<\/sub>)<sup>2-<\/sup>, (MoO<sub>4<\/sub>)<sup>2-<\/sup>.<\/p>\n<p><strong>7. FOSFATOS, ARSENIATOS Y VANADATOS<\/strong><\/p>\n<p>A los grupos (PO<sub>4<\/sub>)<sup>3-<\/sup>, (AsO<sub>4<\/sub>)<sup>3- <\/sup>y (VO<sub>4<\/sub>)<sup>3- <\/sup>pertenecen las unidades estructurales de los fosfatos, arseniatos y vanadatos. Tienen una configuraci\u00f3n con tetraedros regulares.<\/p>\n<p><strong>8. NESOSILICATOS (Neso: isla)<\/strong><\/p>\n<p>Los silicatos se clasifican en base a la disposici\u00f3n de su unidad fundamental que es un tetraedro regular (SiO<sub>4<\/sub>)<sup>4- <\/sup>.<\/p>\n<p>En los nesosilicatos, los tetraedros SiO<sub>4<\/sub> est\u00e1n unidos entre s\u00ed mediante enlaces i\u00f3nicos a trav\u00e9s de cationes intersticiales. Los nesosilicatos tienen empaquetamiento denso, por lo tanto poseen relativamente alta densidad y dureza. Los nesosilicatos tienen h\u00e1bito equidimensional, no hay direcciones preferentes de exfoliaci\u00f3n y sustituci\u00f3n Si<sup>4+<\/sup> por Al<sup>3+<\/sup> poco frecuente.<\/p>\n<p><strong>9. SOROSILICATOS (Soro: mont\u00f3n)<\/strong><\/p>\n<p>Los sorosilicatos est\u00e1n constituidos por grupos de dos tetraedros (Si<sub>2<\/sub><sup>4+<\/sup>O<sub>7<\/sub><sup>2-<\/sup>)<sup>6-<\/sup>, aislados, que comparten un ox\u00edgeno en v\u00e9rtice com\u00fan. Tambi\u00e9n pueden tener tetraedros simples (SiO<sub>4<\/sub>)<sup>4-<\/sup>. A los que tienen grupos dobles y simples se les llama SORO-NESO-SILICATOS.<\/p>\n<p><strong>10. CICLOSILICATOS (Ciclo: c\u00edrculo)<\/strong><\/p>\n<p>Los ciclosilicatos est\u00e1n formados por anillos de tetraedros SiO<sub>4<\/sub>, con una relaci\u00f3n Si:O 1:3. de las estructuras del Berilo, de la Turmalina y de la Cordierita. Existen 3 configuraciones c\u00edclicas: (Si<sub>3<\/sub>O<sub>9<\/sub>)<sup>6- <\/sup>Benitoita, (Si<sub>4<\/sub>O<sub>12<\/sub>)<sup>8-<\/sup> Axinita, (Si<sub>6<\/sub>O<sub>18<\/sub>)<sup>12-<\/sup> y es la base de las estructuras de Berilo, Turmalina y Cordierita.<\/p>\n<p><strong>11. INOSILICATOS (Ino: hilo)<\/strong><\/p>\n<p>Los inosilicatos pueden estar formando cadenas de tetraedros SiO<sub>4<\/sub> sencillas (piroxenos y piroxenoides) y dobles (anf\u00edboles). Ambos tienen miembros r\u00f3mbicos (ORTO) y monocl\u00ednicos (CLINO)<strong>, <\/strong>ambos tienen los mismos cationes, pero adem\u00e1s los anf\u00edboles tienen OH<sup>&#8211;<\/sup> y ambos tienen color, brillo, dureza parecidas, pero densidad menor en los anf\u00edboles por la presencia de OH<sup>&#8211;<\/sup>.<\/p>\n<p>Los piroxenos tienen h\u00e1bito diferente, prismas cortos y los anf\u00edboles, cristales aciculares. Los piroxenos tienen exfoliaci\u00f3n diferente, dos sistemas de l\u00edneas de exfoliaci\u00f3n que se cortan a \u224590\u00ba y los anf\u00edboles dos sistemas de l\u00edneas de exfoliaci\u00f3n que se cortan a \u2245 120\u00ba.<\/p>\n<p><strong>12. FILOSILICATOS (Phyllon: hoja)<\/strong><\/p>\n<p>Como su indica su nombre \u2013 hoja \u2013 este grupo de minerales tienen h\u00e1bito hojoso y direcci\u00f3n de exfoliaci\u00f3n dominante. Son blandos, de peso espec\u00edfico bajo y laminillas de exfoliaci\u00f3n flexibles y el\u00e1sticas. Todas estas caracter\u00edsticas derivan de la estructura de la hoja de tetraedros SiO<sub>4<\/sub>. Tres de los cuatro de ox\u00edgenos de cada tetraedro SiO<sub>4<\/sub>, est\u00e1n compartidos con tetraedros vecinos, resultando una relaci\u00f3n Si:O = 2:5, grupo ani\u00f3nico (Si<sub>2<\/sub>O<sub>5<\/sub>) <sup>2-<\/sup>.<\/p>\n<p><strong>13. TECTOSILICATOS (Tecton: constructor)<\/strong><\/p>\n<p>El 64% de la corteza terrestre son tectosilicatos, en los que todos los iones ox\u00edgeno de cada tetraedro SiO<sub>4<\/sub> est\u00e1n compartidos con tetraedros vecinos. Son incoloros, blancos o grises, tienen densidad baja y dureza 4-6.<\/p>","protected":false},"excerpt":{"rendered":"<p>CARACTER\u00cdSTICAS DE LOS GRUPOS MINERALES 1. ELEMENTOS NATIVOS Son elementos qu\u00edmicos que se encuentran en forma de mineral en la naturaleza. Los elementos nativos pueden dividirse en 1) metales nativos, 2) semimetales nativos y 3) no metales. Los metales nativos presentan enlace met\u00e1lico, maleabilidad, opacidad, brillo met\u00e1lico, buena conductividad el\u00e9ctrica y t\u00e9rmica y densidad alta.&hellip; <a class=\"more-link\" href=\"http:\/\/minevindel.com\/index.php\/grupos-minerales\/\">Seguir leyendo <span class=\"screen-reader-text\">Grupos minerales<\/span><\/a><\/p>\n","protected":false},"author":1,"featured_media":0,"parent":0,"menu_order":0,"comment_status":"closed","ping_status":"closed","template":"","meta":{"footnotes":""},"class_list":["post-777","page","type-page","status-publish","hentry","entry"],"_links":{"self":[{"href":"http:\/\/minevindel.com\/index.php\/wp-json\/wp\/v2\/pages\/777","targetHints":{"allow":["GET"]}}],"collection":[{"href":"http:\/\/minevindel.com\/index.php\/wp-json\/wp\/v2\/pages"}],"about":[{"href":"http:\/\/minevindel.com\/index.php\/wp-json\/wp\/v2\/types\/page"}],"author":[{"embeddable":true,"href":"http:\/\/minevindel.com\/index.php\/wp-json\/wp\/v2\/users\/1"}],"replies":[{"embeddable":true,"href":"http:\/\/minevindel.com\/index.php\/wp-json\/wp\/v2\/comments?post=777"}],"version-history":[{"count":3,"href":"http:\/\/minevindel.com\/index.php\/wp-json\/wp\/v2\/pages\/777\/revisions"}],"predecessor-version":[{"id":940,"href":"http:\/\/minevindel.com\/index.php\/wp-json\/wp\/v2\/pages\/777\/revisions\/940"}],"wp:attachment":[{"href":"http:\/\/minevindel.com\/index.php\/wp-json\/wp\/v2\/media?parent=777"}],"curies":[{"name":"wp","href":"https:\/\/api.w.org\/{rel}","templated":true}]}}