{"id":691,"date":"2026-03-21T18:38:45","date_gmt":"2026-03-21T18:38:45","guid":{"rendered":"https:\/\/minevindel.com\/?page_id=691"},"modified":"2026-03-21T18:38:45","modified_gmt":"2026-03-21T18:38:45","slug":"tema-12","status":"publish","type":"page","link":"http:\/\/minevindel.com\/index.php\/tema-12\/","title":{"rendered":"Tema 12"},"content":{"rendered":"<p><strong>12. FILOSILICATOS<\/strong><\/p>\n<p><strong>CAOLINITA<\/strong><\/p>\n<p>F\u00f3rmula: Al<sub>2 <\/sub>Si<sub>2<\/sub>O<sub>5 <\/sub>(OH)<sub>4<\/sub><\/p>\n<p>Sistema cristalino: Tricl\u00ednico.<\/p>\n<p>Forma y h\u00e1bito: Se presenta en l\u00e1minas muy peque\u00f1as, delgadas.<\/p>\n<p><strong>Propiedades f\u00edsicas: <\/strong><\/p>\n<p>Color: Blanco. Diversos colores debido a las impurezas.<\/p>\n<p>Exfoliaci\u00f3n: {001} basal perfecta.<\/p>\n<p>Raya: Blanca.<\/p>\n<p>Brillo: Mate o perlado.<\/p>\n<p>Dureza: <strong>H <\/strong>2<\/p>\n<p>Peso espec\u00edfico: <strong>G<\/strong> 2,6 g\/cm<sup>3<\/sup><\/p>\n<p><strong>Composici\u00f3n: <\/strong>Al<sub>2<\/sub>O<sub>3<\/sub> 39,5% SiO<sub>2<\/sub> 46,5% H<sub>2<\/sub>O 14,0%. La caolinita presenta pocas variaciones en su composici\u00f3n. Es el mineral de la arcilla de mayor pureza.<\/p>\n<p><img loading=\"lazy\" decoding=\"async\" width=\"790\" height=\"538\" class=\"wp-image-692\" src=\"http:\/\/minevindel.com\/wp-content\/uploads\/2026\/01\/c-documents-and-settings-vindel-mis-documentos-im-2.jpeg\" alt=\"C:\\Documents and Settings\\Vindel\\Mis documentos\\imagenes minerales\\DIAPOSFILOSILICATOS\\BURELA2.jpg\" srcset=\"http:\/\/minevindel.com\/wp-content\/uploads\/2026\/01\/c-documents-and-settings-vindel-mis-documentos-im-2.jpeg 790w, http:\/\/minevindel.com\/wp-content\/uploads\/2026\/01\/c-documents-and-settings-vindel-mis-documentos-im-2-300x204.jpeg 300w, http:\/\/minevindel.com\/wp-content\/uploads\/2026\/01\/c-documents-and-settings-vindel-mis-documentos-im-2-768x523.jpeg 768w\" sizes=\"auto, (max-width: 790px) 100vw, 790px\" \/><br \/>\nCaolinita. Mina de Burela (La Coru\u00f1a). Foto E. Vindel.<\/p>\n<p><img loading=\"lazy\" decoding=\"async\" width=\"802\" height=\"522\" class=\"wp-image-693\" src=\"http:\/\/minevindel.com\/wp-content\/uploads\/2026\/01\/c-documents-and-settings-vindel-mis-documentos-im-3.jpeg\" alt=\"C:\\Documents and Settings\\Vindel\\Mis documentos\\imagenes minerales\\DIAPOSFILOSILICATOS\\BURELA3.jpg\" srcset=\"http:\/\/minevindel.com\/wp-content\/uploads\/2026\/01\/c-documents-and-settings-vindel-mis-documentos-im-3.jpeg 802w, http:\/\/minevindel.com\/wp-content\/uploads\/2026\/01\/c-documents-and-settings-vindel-mis-documentos-im-3-300x195.jpeg 300w, http:\/\/minevindel.com\/wp-content\/uploads\/2026\/01\/c-documents-and-settings-vindel-mis-documentos-im-3-768x500.jpeg 768w\" sizes=\"auto, (max-width: 802px) 100vw, 802px\" \/><\/p>\n<p>Caolinita. Mina de Burela (La Coru\u00f1a). Foto E. Vindel.<\/p>\n<p><strong>TALCO<\/strong><\/p>\n<p>F\u00f3rmula: Mg<sub>3 <\/sub>Si<sub>4<\/sub>O<sub>10 <\/sub>(OH)<sub>2<\/sub><\/p>\n<p>Sistema cristalino: Tricl\u00ednico.<\/p>\n<p>Forma y h\u00e1bito: Se presenta mediante tablas, con forma r\u00f3mbica o hexagonal. Masas exfoliables, grupos hojosos radiales o compactas.<\/p>\n<p><strong>Propiedades f\u00edsicas: <\/strong><\/p>\n<p>Color: Verde, gris, blanco.<\/p>\n<p>Exfoliaci\u00f3n: {001} basal perfecta.<\/p>\n<p>Raya: Blanca.<\/p>\n<p>Brillo: Perlado a graso.<\/p>\n<p>Dureza: <strong>H <\/strong>1<\/p>\n<p>Peso espec\u00edfico: <strong>G<\/strong> 2,58 \u2013 2,83, g\/cm<sup>3<\/sup><\/p>\n<p>S\u00e9ctil<\/p>\n<p>Tacto graso<\/p>\n<p><strong>Composici\u00f3n: <\/strong>MgO 31,7% SiO<sub>2<\/sub> 63,5% H<sub>2<\/sub>O 4,8%. Peque\u00f1as cantidades de Al o Ti pueden remplazar al Si y Mg.<\/p>\n<p><img loading=\"lazy\" decoding=\"async\" width=\"640\" height=\"480\" class=\"wp-image-694\" src=\"http:\/\/minevindel.com\/wp-content\/uploads\/2026\/01\/g-1_documentos-silicatos-imagenes-minerales-fotos-11.jpeg\" alt=\"G:\\1_DOCUMENTOS\\SILICATOS\\imagenes minerales\\FOTOS SILICATOS VISU\\Salida de Estructural 052.jpg\" srcset=\"http:\/\/minevindel.com\/wp-content\/uploads\/2026\/01\/g-1_documentos-silicatos-imagenes-minerales-fotos-11.jpeg 640w, http:\/\/minevindel.com\/wp-content\/uploads\/2026\/01\/g-1_documentos-silicatos-imagenes-minerales-fotos-11-300x225.jpeg 300w\" sizes=\"auto, (max-width: 640px) 100vw, 640px\" \/><\/p>\n<p>Talco. Colecci\u00f3n de la Universidad Complutense.<\/p>\n<p><strong>MOSCOVITA<\/strong><\/p>\n<p>F\u00f3rmula: KAl<sub>2<\/sub> (AlSi<sub>3<\/sub>O<sub>10<\/sub>) (OH)<sub>2<\/sub><\/p>\n<p>Sistema cristalino: Monocl\u00ednico.<\/p>\n<p>Forma y h\u00e1bito: Se presenta en cristales tabulares con base dominante {001}. Maclas de penetraci\u00f3n con el eje de macla [310]. As\u00ed mismo, criptocristalino y macizo compacto.<\/p>\n<p><strong>Propiedades f\u00edsicas: <\/strong><\/p>\n<p>Color: Incoloro en las hojas delgadas. En las hojas m\u00e1s gruesas amarillo, pardo, verde.<\/p>\n<p>Exfoliaci\u00f3n:{001} basal perfecta. Hojas de exfoliaci\u00f3n que se separan con facilidad con las manos.<\/p>\n<p>Raya: Blanca.<\/p>\n<p>Brillo: V\u00edtreo o perlado o sedoso<\/p>\n<p>Dureza: <strong>H <\/strong>2 \u2013 2,5<\/p>\n<p>Peso espec\u00edfico: <strong>G<\/strong> 2,76 \u2013 2,88 g\/cm<sup>3<\/sup><\/p>\n<p><strong>Composici\u00f3n: <\/strong>Principalmente KAl<sub>2<\/sub> (AlSi<sub>3<\/sub>O<sub>10<\/sub>)(OH)<sub>2<\/sub>, pero pueden presentarse las sustituciones Na, Rb, Cs en el sitio de K. En lugar de Al puede sustituir Mg, Fe<sup>2+<\/sup>, Fe<sup>3+<\/sup>, Mn, Ti, Li, Cr, V y el F, Cl se puede sustituir por OH.<\/p>\n<p><img loading=\"lazy\" decoding=\"async\" width=\"800\" height=\"640\" class=\"wp-image-695\" src=\"http:\/\/minevindel.com\/wp-content\/uploads\/2026\/01\/g-2_fotos-fotos-de-geologia-geoimagenes-miguel-an-5.jpeg\" alt=\"G:\\2_FOTOS\\FOTOS DE GEOLOGIA\\GEOIMAGENES MIGUEL ANGEL\\Moscovita.jpg\" srcset=\"http:\/\/minevindel.com\/wp-content\/uploads\/2026\/01\/g-2_fotos-fotos-de-geologia-geoimagenes-miguel-an-5.jpeg 800w, http:\/\/minevindel.com\/wp-content\/uploads\/2026\/01\/g-2_fotos-fotos-de-geologia-geoimagenes-miguel-an-5-300x240.jpeg 300w, http:\/\/minevindel.com\/wp-content\/uploads\/2026\/01\/g-2_fotos-fotos-de-geologia-geoimagenes-miguel-an-5-768x614.jpeg 768w\" sizes=\"auto, (max-width: 800px) 100vw, 800px\" \/><\/p>\n<p>Moscovita. Colecci\u00f3n privada de E. Vindel.<\/p>\n<p><img loading=\"lazy\" decoding=\"async\" width=\"1299\" height=\"863\" class=\"wp-image-696\" src=\"http:\/\/minevindel.com\/wp-content\/uploads\/2026\/01\/c-users-elena-vindel-pictures-4_fotosweb-geominer-25.jpeg\" alt=\"C:\\Users\\ELENA VINDEL\\Pictures\\4_FOTOSWEB\\Geominero 2\\DSC09544.JPG\" srcset=\"http:\/\/minevindel.com\/wp-content\/uploads\/2026\/01\/c-users-elena-vindel-pictures-4_fotosweb-geominer-25.jpeg 1299w, http:\/\/minevindel.com\/wp-content\/uploads\/2026\/01\/c-users-elena-vindel-pictures-4_fotosweb-geominer-25-300x199.jpeg 300w, http:\/\/minevindel.com\/wp-content\/uploads\/2026\/01\/c-users-elena-vindel-pictures-4_fotosweb-geominer-25-1024x680.jpeg 1024w, http:\/\/minevindel.com\/wp-content\/uploads\/2026\/01\/c-users-elena-vindel-pictures-4_fotosweb-geominer-25-768x510.jpeg 768w\" sizes=\"auto, (max-width: 1299px) 100vw, 1299px\" \/><\/p>\n<p>Moscovita. Museo Geominero. Foto E. Vindel.<\/p>\n<p><strong>BIOTITA<\/strong><\/p>\n<p>F\u00f3rmula: K (Mg, Fe)<sub>3<\/sub> (AlSi<sub>3<\/sub>O<sub>10<\/sub>) (OH)<sub>2<\/sub><\/p>\n<p>Sistema cristalino: Monocl\u00ednico.<\/p>\n<p>Forma y h\u00e1bito: Cristales prism\u00e1ticos cortos a tabulares {001}. En masas en escamas diseminadas o en agregados escamosos.<\/p>\n<p><strong>Propiedades f\u00edsicas: <\/strong><\/p>\n<p>Color: Verde oscuro a pardo oscuro a negro.<\/p>\n<p>Exfoliaci\u00f3n: {001} basal perfecta.<\/p>\n<p>Raya: Blanca.<\/p>\n<p>Brillo: V\u00edtreo.<\/p>\n<p>Dureza: <strong>H <\/strong>2,5 \u2013 3<\/p>\n<p>Peso espec\u00edfico: <strong>G<\/strong> 2,7 \u2013 3,3 g\/cm<sup>3<\/sup><\/p>\n<p><strong>Composici\u00f3n:<\/strong> El Mg es sustituido por Fe<sup>2+<\/sup> y Al y el Si por Al. Igualmente el Na, Ca, Rb, Cs y Ba pueden remplazar al K.<\/p>\n<p><strong><img loading=\"lazy\" decoding=\"async\" width=\"1100\" height=\"880\" class=\"wp-image-697\" src=\"http:\/\/minevindel.com\/wp-content\/uploads\/2026\/01\/g-1_documentos-geoimagenes-ma-figura-18-biotita-1-1.jpeg\" alt=\"G:\\1_DOCUMENTOS\\GEOIMAGENES MA\\Figura 18. Biotita.JPG\" srcset=\"http:\/\/minevindel.com\/wp-content\/uploads\/2026\/01\/g-1_documentos-geoimagenes-ma-figura-18-biotita-1-1.jpeg 1100w, http:\/\/minevindel.com\/wp-content\/uploads\/2026\/01\/g-1_documentos-geoimagenes-ma-figura-18-biotita-1-1-300x240.jpeg 300w, http:\/\/minevindel.com\/wp-content\/uploads\/2026\/01\/g-1_documentos-geoimagenes-ma-figura-18-biotita-1-1-1024x819.jpeg 1024w, http:\/\/minevindel.com\/wp-content\/uploads\/2026\/01\/g-1_documentos-geoimagenes-ma-figura-18-biotita-1-1-768x614.jpeg 768w\" sizes=\"auto, (max-width: 1100px) 100vw, 1100px\" \/><\/strong><br \/>\nBiotita. Colecci\u00f3n privada de E. Vindel.<\/p>\n<p><strong>LEPIDOLITA<\/strong><\/p>\n<p>F\u00f3rmula: K (Li,Al)<sub>2-3<\/sub> (AlSi<sub>3<\/sub>O<sub>10<\/sub>) (O, OH, F)<sub>2 <\/sub><\/p>\n<p>Sistema cristalino: Monocl\u00ednico.<\/p>\n<p>Forma y h\u00e1bito: En agregados cristalinos peque\u00f1os o prismas de aspecto hexagonal. Agregados de escamas de grano fino.<\/p>\n<p><strong>Propiedades f\u00edsicas: <\/strong><\/p>\n<p>Color: Rosa o lila a blanco gris\u00e1ceo.<\/p>\n<p>Exfoliaci\u00f3n: {001} basal perfecta.<\/p>\n<p>Fractura concoidea.<\/p>\n<p>Raya: Blanca.<\/p>\n<p>Brillo: Perlado.<\/p>\n<p>Dureza: <strong>H <\/strong>2 \u2013 2,5<\/p>\n<p>Peso espec\u00edfico: <strong>G<\/strong> 2,8 \u2013 2,9 g\/cm<sup>3<\/sup><\/p>\n<p><strong>Composici\u00f3n:<\/strong> La composici\u00f3n de la lepidolita depende de las cantidades relativas de Al y Li. As\u00ed mismo, Na, Rb y Cs pueden remplazar al K.<\/p>\n<p><img loading=\"lazy\" decoding=\"async\" width=\"1299\" height=\"863\" class=\"wp-image-698\" src=\"http:\/\/minevindel.com\/wp-content\/uploads\/2026\/01\/f-caja-f2-lepidolita3-jpg-1.jpeg\" alt=\"F:\\Caja F2\\LEPIDOLITA3.JPG\" srcset=\"http:\/\/minevindel.com\/wp-content\/uploads\/2026\/01\/f-caja-f2-lepidolita3-jpg-1.jpeg 1299w, http:\/\/minevindel.com\/wp-content\/uploads\/2026\/01\/f-caja-f2-lepidolita3-jpg-1-300x199.jpeg 300w, http:\/\/minevindel.com\/wp-content\/uploads\/2026\/01\/f-caja-f2-lepidolita3-jpg-1-1024x680.jpeg 1024w, http:\/\/minevindel.com\/wp-content\/uploads\/2026\/01\/f-caja-f2-lepidolita3-jpg-1-768x510.jpeg 768w\" sizes=\"auto, (max-width: 1299px) 100vw, 1299px\" \/><\/p>\n<p>Lepidolita. Colecci\u00f3n privada de E. Vindel.<\/p>\n<p><img loading=\"lazy\" decoding=\"async\" width=\"1299\" height=\"974\" class=\"wp-image-699\" src=\"http:\/\/minevindel.com\/wp-content\/uploads\/2026\/01\/e-2_fotos-fotos-de-geologia-fotos-museo-londres-l-1.jpeg\" alt=\"E:\\2_FOTOS\\FOTOS DE GEOLOGIA\\FOTOS MUSEO LONDRES\\LEPIDOLITA2.JPG\" srcset=\"http:\/\/minevindel.com\/wp-content\/uploads\/2026\/01\/e-2_fotos-fotos-de-geologia-fotos-museo-londres-l-1.jpeg 1299w, http:\/\/minevindel.com\/wp-content\/uploads\/2026\/01\/e-2_fotos-fotos-de-geologia-fotos-museo-londres-l-1-300x225.jpeg 300w, http:\/\/minevindel.com\/wp-content\/uploads\/2026\/01\/e-2_fotos-fotos-de-geologia-fotos-museo-londres-l-1-1024x768.jpeg 1024w, http:\/\/minevindel.com\/wp-content\/uploads\/2026\/01\/e-2_fotos-fotos-de-geologia-fotos-museo-londres-l-1-768x576.jpeg 768w\" sizes=\"auto, (max-width: 1299px) 100vw, 1299px\" \/><\/p>\n<p>Lepidolita. Natural History Museum de Londres. Foto E. Vindel.<\/p>\n<p><strong>CLORITA<\/strong><\/p>\n<p>El t\u00e9rmino clorita comprende una serie de minerales que se diferencian por DRX y an\u00e1lisis qu\u00edmicos.<\/p>\n<p>F\u00f3rmula: (Mg, Fe)<sub>3 <\/sub>(Si, Al)<sub>4 <\/sub>O<sub>10 <\/sub>(OH)<sub>2<\/sub> (Mg, Fe)<sub>3<\/sub> (OH)<sub>6<\/sub><\/p>\n<p>Sistema cristalino: Monocl\u00ednico. Varios polimorfos son tricl\u00ednicos.<\/p>\n<p>Forma y h\u00e1bito: Son raros los cristales buenos. Por lo general se encuentra en escamas diminutas o masas exfoliables.<\/p>\n<p><strong>Propiedades f\u00edsicas: <\/strong><\/p>\n<p>Color: Verde en varias tonalidades.<\/p>\n<p>Exfoliaci\u00f3n: {001} basal perfecta.<\/p>\n<p>Fractura hojosa.<\/p>\n<p>Raya: Verde a parda.<\/p>\n<p>Brillo: V\u00edtreo a perlado.<\/p>\n<p>Dureza: <strong>H <\/strong>2 \u2013 2,5<\/p>\n<p>Peso espec\u00edfico: <strong>G<\/strong> 2,6 \u2013 3,3 g\/cm<sup>3<\/sup><\/p>\n<p><strong>Composici\u00f3n:<\/strong> La gran diversidad en la composici\u00f3n de las cloritas se refleja en las propiedades f\u00edsicas. La f\u00f3rmula general puede representarse A<sub>5-6 <\/sub>Z<sub>4<\/sub>O<sub>10 <\/sub>(OH)<sub>6<\/sub>, en la cual A = Al, Fe<sup>2+<\/sup>, Fe<sup>3+<\/sup>, Li, Mg, Mn, Ni y Z = Al, Si, Fe<sup>3+<\/sup>.<\/p>\n<p><strong><img loading=\"lazy\" decoding=\"async\" width=\"1299\" height=\"863\" class=\"wp-image-700\" src=\"http:\/\/minevindel.com\/wp-content\/uploads\/2026\/01\/c-users-elena-vindel-desktop-geominero-clorita-jp-1.jpeg\" alt=\"C:\\Users\\ELENA VINDEL\\Desktop\\Geominero\\CLORITA.JPG\" srcset=\"http:\/\/minevindel.com\/wp-content\/uploads\/2026\/01\/c-users-elena-vindel-desktop-geominero-clorita-jp-1.jpeg 1299w, http:\/\/minevindel.com\/wp-content\/uploads\/2026\/01\/c-users-elena-vindel-desktop-geominero-clorita-jp-1-300x199.jpeg 300w, http:\/\/minevindel.com\/wp-content\/uploads\/2026\/01\/c-users-elena-vindel-desktop-geominero-clorita-jp-1-1024x680.jpeg 1024w, http:\/\/minevindel.com\/wp-content\/uploads\/2026\/01\/c-users-elena-vindel-desktop-geominero-clorita-jp-1-768x510.jpeg 768w\" sizes=\"auto, (max-width: 1299px) 100vw, 1299px\" \/><\/strong><\/p>\n<p>Clorita. Museo Geominero. Foto E. Vindel.<\/p>\n<p><strong>APOFILITA<\/strong><\/p>\n<p>F\u00f3rmula: KCa<sub>4 <\/sub>(Si<sub>4 <\/sub>O<sub>10<\/sub>)<sub>2 <\/sub>F 8H<sub>2<\/sub>O<\/p>\n<p>Sistema cristalino: Tetragonal.<\/p>\n<p>Forma y h\u00e1bito: Se presenta combinando prismas, bipir\u00e1mides y pinacoides tetragonales. Los cristales son semejantes a una combinaci\u00f3n de cubo y octaedro.<\/p>\n<p><strong>Propiedades f\u00edsicas: <\/strong><\/p>\n<p>Color: Incoloro, blanco, gris\u00e1ceo.<\/p>\n<p>Exfoliaci\u00f3n: {001} basal perfecta.<\/p>\n<p>Fractura irregular.<\/p>\n<p>Raya: Blanca.<\/p>\n<p>Brillo: V\u00edtreo a perlado.<\/p>\n<p>Dureza: <strong>H <\/strong>4,5 \u2013 5<\/p>\n<p>Peso espec\u00edfico: <strong>G<\/strong> 2,3 \u2013 2,4 g\/cm<sup>3<\/sup><\/p>\n<p><strong>Composici\u00f3n: <\/strong>K<sub>2<\/sub>O 5,19% CaO 24,73% SiO<sub>2<\/sub> 52,98% H<sub>2<\/sub>O 15.89% F 1.21%.<\/p>\n<p><img loading=\"lazy\" decoding=\"async\" width=\"1299\" height=\"863\" class=\"wp-image-701\" src=\"http:\/\/minevindel.com\/wp-content\/uploads\/2026\/01\/g-2_fotos-minerales-concurso-elektra-2-apofilita-1-1.jpeg\" alt=\"G:\\2_FOTOS\\MINERALES CONCURSO ELEKTRA\\2 Apofilita.jpg.JPG\" srcset=\"http:\/\/minevindel.com\/wp-content\/uploads\/2026\/01\/g-2_fotos-minerales-concurso-elektra-2-apofilita-1-1.jpeg 1299w, http:\/\/minevindel.com\/wp-content\/uploads\/2026\/01\/g-2_fotos-minerales-concurso-elektra-2-apofilita-1-1-300x199.jpeg 300w, http:\/\/minevindel.com\/wp-content\/uploads\/2026\/01\/g-2_fotos-minerales-concurso-elektra-2-apofilita-1-1-1024x680.jpeg 1024w, http:\/\/minevindel.com\/wp-content\/uploads\/2026\/01\/g-2_fotos-minerales-concurso-elektra-2-apofilita-1-1-768x510.jpeg 768w\" sizes=\"auto, (max-width: 1299px) 100vw, 1299px\" \/><\/p>\n<p>Apofilita. Colecci\u00f3n privada de E. Vindel.<\/p>\n<p><strong>CRISOCOLA<\/strong><\/p>\n<p>F\u00f3rmula: Cu<sub>4 <\/sub>H<sub>4 <\/sub>Si<sub>4<\/sub>O<sub>10<\/sub> (OH)<sub>8<\/sub><\/p>\n<p>Sistema cristalino: Amorfa. No se puede considerar un mineral.<\/p>\n<p>Forma y h\u00e1bito: Parcialmente material cristalino, es una estructura muy defectuosa. Masiva, compacta, terrosa.<\/p>\n<p><strong>Propiedades f\u00edsicas: <\/strong><\/p>\n<p>Color: Azul, verde a azul verdoso.<\/p>\n<p>Fractura concoidea.<\/p>\n<p>Raya: Blanca.<\/p>\n<p>Brillo: V\u00edtreo a terroso.<\/p>\n<p>Dureza: <strong>H<\/strong> 2 \u2013 4<\/p>\n<p>Peso espec\u00edfico: <strong>G<\/strong> 2 \u2013 2,4 g\/cm<sup>3<\/sup><\/p>\n<p><strong>Composici\u00f3n: <\/strong>CuO 32,4 \u2013 42,2% SiO<sub>2<\/sub> 37,9 \u2013 42,5% H<sub>2<\/sub>O 12,2\u201318,8%. Se presenta peque\u00f1as cantidades de Al<sub>2<\/sub>O<sub>3 <\/sub>y Fe<sub>2<\/sub>O<sub>3<\/sub>.<\/p>\n<p><img loading=\"lazy\" decoding=\"async\" width=\"1118\" height=\"743\" class=\"wp-image-702\" src=\"http:\/\/minevindel.com\/wp-content\/uploads\/2026\/01\/g-2_fotos-minerales-concurso-elektra-30-crisocola-1.jpeg\" alt=\"G:\\2_FOTOS\\MINERALES CONCURSO ELEKTRA\\30 Crisocola.jpg.JPG\" srcset=\"http:\/\/minevindel.com\/wp-content\/uploads\/2026\/01\/g-2_fotos-minerales-concurso-elektra-30-crisocola-1.jpeg 1118w, http:\/\/minevindel.com\/wp-content\/uploads\/2026\/01\/g-2_fotos-minerales-concurso-elektra-30-crisocola-1-300x199.jpeg 300w, http:\/\/minevindel.com\/wp-content\/uploads\/2026\/01\/g-2_fotos-minerales-concurso-elektra-30-crisocola-1-1024x681.jpeg 1024w, http:\/\/minevindel.com\/wp-content\/uploads\/2026\/01\/g-2_fotos-minerales-concurso-elektra-30-crisocola-1-768x510.jpeg 768w\" sizes=\"auto, (max-width: 1118px) 100vw, 1118px\" \/><\/p>\n<p>Crisocola. Colecci\u00f3n privada de E. Vindel.<\/p>\n<p><img loading=\"lazy\" decoding=\"async\" width=\"1299\" height=\"863\" class=\"wp-image-703\" src=\"http:\/\/minevindel.com\/wp-content\/uploads\/2026\/01\/c-users-miguel-angel-desktop-museo-de-vitoria-dsc-12.jpeg\" alt=\"C:\\Users\\Miguel Angel\\Desktop\\Museo de Vitoria\\DSC09406.JPG\" srcset=\"http:\/\/minevindel.com\/wp-content\/uploads\/2026\/01\/c-users-miguel-angel-desktop-museo-de-vitoria-dsc-12.jpeg 1299w, http:\/\/minevindel.com\/wp-content\/uploads\/2026\/01\/c-users-miguel-angel-desktop-museo-de-vitoria-dsc-12-300x199.jpeg 300w, http:\/\/minevindel.com\/wp-content\/uploads\/2026\/01\/c-users-miguel-angel-desktop-museo-de-vitoria-dsc-12-1024x680.jpeg 1024w, http:\/\/minevindel.com\/wp-content\/uploads\/2026\/01\/c-users-miguel-angel-desktop-museo-de-vitoria-dsc-12-768x510.jpeg 768w\" sizes=\"auto, (max-width: 1299px) 100vw, 1299px\" \/><\/p>\n<p>Crisocola. Museo de Ciencias Naturales de \u00c1lava. Foto E. Vindel.<\/p>\n","protected":false},"excerpt":{"rendered":"<p>12. FILOSILICATOS CAOLINITA F\u00f3rmula: Al2 Si2O5 (OH)4 Sistema cristalino: Tricl\u00ednico. Forma y h\u00e1bito: Se presenta en l\u00e1minas muy peque\u00f1as, delgadas. Propiedades f\u00edsicas: Color: Blanco. Diversos colores debido a las impurezas. Exfoliaci\u00f3n: {001} basal perfecta. Raya: Blanca. Brillo: Mate o perlado. Dureza: H 2 Peso espec\u00edfico: G 2,6 g\/cm3 Composici\u00f3n: Al2O3 39,5% SiO2 46,5% H2O 14,0%.&hellip; <a class=\"more-link\" href=\"http:\/\/minevindel.com\/index.php\/tema-12\/\">Seguir leyendo <span class=\"screen-reader-text\">Tema 12<\/span><\/a><\/p>\n","protected":false},"author":1,"featured_media":0,"parent":0,"menu_order":0,"comment_status":"closed","ping_status":"closed","template":"","meta":{"footnotes":""},"class_list":["post-691","page","type-page","status-publish","hentry","entry"],"_links":{"self":[{"href":"http:\/\/minevindel.com\/index.php\/wp-json\/wp\/v2\/pages\/691","targetHints":{"allow":["GET"]}}],"collection":[{"href":"http:\/\/minevindel.com\/index.php\/wp-json\/wp\/v2\/pages"}],"about":[{"href":"http:\/\/minevindel.com\/index.php\/wp-json\/wp\/v2\/types\/page"}],"author":[{"embeddable":true,"href":"http:\/\/minevindel.com\/index.php\/wp-json\/wp\/v2\/users\/1"}],"replies":[{"embeddable":true,"href":"http:\/\/minevindel.com\/index.php\/wp-json\/wp\/v2\/comments?post=691"}],"version-history":[{"count":2,"href":"http:\/\/minevindel.com\/index.php\/wp-json\/wp\/v2\/pages\/691\/revisions"}],"predecessor-version":[{"id":992,"href":"http:\/\/minevindel.com\/index.php\/wp-json\/wp\/v2\/pages\/691\/revisions\/992"}],"wp:attachment":[{"href":"http:\/\/minevindel.com\/index.php\/wp-json\/wp\/v2\/media?parent=691"}],"curies":[{"name":"wp","href":"https:\/\/api.w.org\/{rel}","templated":true}]}}