{"id":674,"date":"2026-03-21T18:39:13","date_gmt":"2026-03-21T18:39:13","guid":{"rendered":"https:\/\/minevindel.com\/?page_id=674"},"modified":"2026-03-21T18:39:13","modified_gmt":"2026-03-21T18:39:13","slug":"tema-11","status":"publish","type":"page","link":"http:\/\/minevindel.com\/index.php\/tema-11\/","title":{"rendered":"Tema 11"},"content":{"rendered":"<p><strong>11. INOSILICATOS<\/strong><\/p>\n<p><strong>PIROXENOS<\/strong><\/p>\n<p><strong>ENSTATITA \u2013 HIPERESTENA <\/strong>(Ortopiroxenos)<\/p>\n<p>F\u00f3rmula: MgSiO<sub>3 <\/sub>\u2013 (Mg, Fe) SiO<sub>3<\/sub><\/p>\n<p>Sistema cristalino: R\u00f3mbico.<\/p>\n<p>Forma y h\u00e1bito: Prism\u00e1tico. Se presenta masiva, fibrosa o laminar.<\/p>\n<p><strong>Propiedades f\u00edsicas: <\/strong><\/p>\n<p>Color: Las variedades ricas en Mg tienen tonalidades verdosas y marrones. Tambi\u00e9n blanco y verde.  Las variedades ricas en Fe tienen tonos verdes, marrones oscuro o negros.<\/p>\n<p>Exfoliaci\u00f3n: {210} buena.<\/p>\n<p>Fractura irregular.<\/p>\n<p>Raya: Blanca verdosa.<\/p>\n<p>Brillo: V\u00edtreo o perlado en superficies de exfoliaci\u00f3n.<\/p>\n<p>Dureza: <strong>H <\/strong>5,5 &#8211; 6<\/p>\n<p>Peso espec\u00edfico: <strong>G<\/strong> 3,2 \u2013 3,6 g\/cm<sup>3<\/sup><\/p>\n<p><strong>Composici\u00f3n: <\/strong>La enstatita pura contiene MgO 40% y SiO<sub>2<\/sub> 60%. La cantidad m\u00e1xima de CaO no excede de 1,5 % en peso. El miembro extremo puro FeSiO<sub>3, <\/sub>la ferrosilita, se presenta escasamente en la<strong> <\/strong>naturaleza. El Fe<sup>2+<\/sup> puede remplazar  al Mg<sup>2+<\/sup> en todas las proporciones salvo el 90% de FeSiO<sub>3<\/sub>.<\/p>\n<p><strong><img loading=\"lazy\" decoding=\"async\" width=\"1299\" height=\"863\" alt=\"C:\\Users\\ELENA VINDEL\\Pictures\\4_FOTOSWEB\\Geominero 2\\DSC09514.JPG\" src=\"http:\/\/minevindel.com\/wp-content\/uploads\/2026\/01\/c-users-elena-vindel-pictures-4_fotosweb-geominer-24.jpeg\" class=\"wp-image-675\" srcset=\"http:\/\/minevindel.com\/wp-content\/uploads\/2026\/01\/c-users-elena-vindel-pictures-4_fotosweb-geominer-24.jpeg 1299w, http:\/\/minevindel.com\/wp-content\/uploads\/2026\/01\/c-users-elena-vindel-pictures-4_fotosweb-geominer-24-300x199.jpeg 300w, http:\/\/minevindel.com\/wp-content\/uploads\/2026\/01\/c-users-elena-vindel-pictures-4_fotosweb-geominer-24-1024x680.jpeg 1024w, http:\/\/minevindel.com\/wp-content\/uploads\/2026\/01\/c-users-elena-vindel-pictures-4_fotosweb-geominer-24-768x510.jpeg 768w\" sizes=\"auto, (max-width: 1299px) 100vw, 1299px\" \/><\/strong><\/p>\n<p>Enstatita. Museo Geominero. Foto E. Vindel.<\/p>\n<p><strong>DI\u00d3PSIDO \u2013 HEDENBERGITA<\/strong> (Clinopiroxenos)<\/p>\n<p>F\u00f3rmula: CaMgSi<sub>2<\/sub>O<sub>6<\/sub> &#8211; CaFeSi<sub>2<\/sub>O<sub>6<\/sub>\t: Di\u00f3psido y Hedenbergita forman una serie completa de soluciones s\u00f3lidas.<\/p>\n<p>Sistema cristalino: Monocl\u00ednico.<\/p>\n<p>Forma y h\u00e1bito: En prismas con secci\u00f3n rectangular. En masas granulares.<\/p>\n<p><strong>Propiedades f\u00edsicas: <\/strong><\/p>\n<p>Color: Blanco a verde en el di\u00f3psido. Aumenta el color oscuro seg\u00fan el contenido en hierro en la hedenbergita.<\/p>\n<p>Exfoliaci\u00f3n: {110} buena a 87\u00bay 93\u00ba.<\/p>\n<p>Partici\u00f3n: Pueden ser perceptibles {100} y {001}<\/p>\n<p>Fractura irregular.<\/p>\n<p>Raya: Blanca.<\/p>\n<p>Brillo: V\u00edtreo.<\/p>\n<p>Dureza: <strong>H <\/strong>5 &#8211; 6<\/p>\n<p>Peso espec\u00edfico: <strong>G<\/strong> 3,2 \u2013 3,3 g\/cm<sup>3<\/sup><\/p>\n<p><strong>Composici\u00f3n: <\/strong>En la serie di\u00f3psido y hedenbergita el Mg<sup>2+<\/sup> y el Fe<sup>2+<\/sup> se pueden sustituir entre s\u00ed en todas proporciones.<\/p>\n<p><img loading=\"lazy\" decoding=\"async\" width=\"1299\" height=\"863\" alt=\"C:\\Users\\ELENA VINDEL\\Desktop\\Geominero\\DSC09464.JPG\" src=\"http:\/\/minevindel.com\/wp-content\/uploads\/2026\/01\/c-users-elena-vindel-desktop-geominero-dsc09464-j.jpeg\" class=\"wp-image-676\" srcset=\"http:\/\/minevindel.com\/wp-content\/uploads\/2026\/01\/c-users-elena-vindel-desktop-geominero-dsc09464-j.jpeg 1299w, http:\/\/minevindel.com\/wp-content\/uploads\/2026\/01\/c-users-elena-vindel-desktop-geominero-dsc09464-j-300x199.jpeg 300w, http:\/\/minevindel.com\/wp-content\/uploads\/2026\/01\/c-users-elena-vindel-desktop-geominero-dsc09464-j-1024x680.jpeg 1024w, http:\/\/minevindel.com\/wp-content\/uploads\/2026\/01\/c-users-elena-vindel-desktop-geominero-dsc09464-j-768x510.jpeg 768w\" sizes=\"auto, (max-width: 1299px) 100vw, 1299px\" \/><\/p>\n<p>Di\u00f3psido (var. cromodi\u00f3psido). Museo Geominero. Foto E. Vindel.<\/p>\n<p><strong>AUGITA<\/strong><\/p>\n<p>F\u00f3rmula: (Ca, Na) (Mg, Fe<sup>3+<\/sup>, Fe<sup>2+<\/sup>, Al) (Si, Al)<sub>2<\/sub>O<sub>6<\/sub>. Adem\u00e1s hasta 6% de Ti<sup>4+<\/sup> llamadas Titanoaugitas<\/p>\n<p>Sistema cristalino: Monocl\u00ednico<\/p>\n<p>Forma y h\u00e1bito: Prismas de 6 a 8<\/p>\n<p><strong>Propiedades f\u00edsicas: <\/strong><\/p>\n<p>Color:<strong> <\/strong>Verde a negro, m\u00e1s oscuro cuanto m\u00e1s Fe<\/p>\n<p>Exfoliaci\u00f3n: {110} buena a 87\u00bay 93\u00ba.<\/p>\n<p>Partici\u00f3n: {100}<\/p>\n<p>Fractura irregular.<\/p>\n<p>Raya: Verdosa.<\/p>\n<p>Brillo: V\u00edtreo.<\/p>\n<p>Dureza: <strong>H<\/strong> 6<\/p>\n<p>Peso espec\u00edfico: <strong>G<\/strong> 3,2 \u2013 3,4 g\/cm<sup>3 <\/sup><\/p>\n<p>Zonaci\u00f3n sobretodo variedades con titanio.<\/p>\n<p><strong>Composici\u00f3n:<\/strong> En la augita Na sustituye Ca, el Al puede sustituir Mg o Fe y Si.<\/p>\n<p><img loading=\"lazy\" decoding=\"async\" width=\"1299\" height=\"863\" alt=\"C:\\Users\\ELENA VINDEL\\Desktop\\Caja F1\\AUGITA.JPG\" src=\"http:\/\/minevindel.com\/wp-content\/uploads\/2026\/01\/c-users-elena-vindel-desktop-caja-f1-augita-jpg.jpeg\" class=\"wp-image-677\" srcset=\"http:\/\/minevindel.com\/wp-content\/uploads\/2026\/01\/c-users-elena-vindel-desktop-caja-f1-augita-jpg.jpeg 1299w, http:\/\/minevindel.com\/wp-content\/uploads\/2026\/01\/c-users-elena-vindel-desktop-caja-f1-augita-jpg-300x199.jpeg 300w, http:\/\/minevindel.com\/wp-content\/uploads\/2026\/01\/c-users-elena-vindel-desktop-caja-f1-augita-jpg-1024x680.jpeg 1024w, http:\/\/minevindel.com\/wp-content\/uploads\/2026\/01\/c-users-elena-vindel-desktop-caja-f1-augita-jpg-768x510.jpeg 768w\" sizes=\"auto, (max-width: 1299px) 100vw, 1299px\" \/><\/p>\n<p>Augita. Colecci\u00f3n privada de E. Vindel.<\/p>\n<p><img loading=\"lazy\" decoding=\"async\" width=\"1299\" height=\"863\" alt=\"C:\\Users\\Miguel Angel\\Desktop\\Museo de Vitoria\\DSC09397.JPG\" src=\"http:\/\/minevindel.com\/wp-content\/uploads\/2026\/01\/c-users-miguel-angel-desktop-museo-de-vitoria-dsc-10.jpeg\" class=\"wp-image-678\" srcset=\"http:\/\/minevindel.com\/wp-content\/uploads\/2026\/01\/c-users-miguel-angel-desktop-museo-de-vitoria-dsc-10.jpeg 1299w, http:\/\/minevindel.com\/wp-content\/uploads\/2026\/01\/c-users-miguel-angel-desktop-museo-de-vitoria-dsc-10-300x199.jpeg 300w, http:\/\/minevindel.com\/wp-content\/uploads\/2026\/01\/c-users-miguel-angel-desktop-museo-de-vitoria-dsc-10-1024x680.jpeg 1024w, http:\/\/minevindel.com\/wp-content\/uploads\/2026\/01\/c-users-miguel-angel-desktop-museo-de-vitoria-dsc-10-768x510.jpeg 768w\" sizes=\"auto, (max-width: 1299px) 100vw, 1299px\" \/><\/p>\n<p>Augita. Museo de Ciencias Naturales de \u00c1lava. Foto E. Vindel.<\/p>\n<p><img loading=\"lazy\" decoding=\"async\" width=\"1299\" height=\"863\" alt=\"C:\\Users\\ELENA VINDEL\\Desktop\\Geominero\\DSC09466.JPG\" src=\"http:\/\/minevindel.com\/wp-content\/uploads\/2026\/01\/c-users-elena-vindel-desktop-geominero-dsc09466-j.jpeg\" class=\"wp-image-679\" srcset=\"http:\/\/minevindel.com\/wp-content\/uploads\/2026\/01\/c-users-elena-vindel-desktop-geominero-dsc09466-j.jpeg 1299w, http:\/\/minevindel.com\/wp-content\/uploads\/2026\/01\/c-users-elena-vindel-desktop-geominero-dsc09466-j-300x199.jpeg 300w, http:\/\/minevindel.com\/wp-content\/uploads\/2026\/01\/c-users-elena-vindel-desktop-geominero-dsc09466-j-1024x680.jpeg 1024w, http:\/\/minevindel.com\/wp-content\/uploads\/2026\/01\/c-users-elena-vindel-desktop-geominero-dsc09466-j-768x510.jpeg 768w\" sizes=\"auto, (max-width: 1299px) 100vw, 1299px\" \/><\/p>\n<p>Augita. Museo Geominero. Foto E. Vindel.<\/p>\n<p><strong>JADE\u00cdTA<\/strong><\/p>\n<p>F\u00f3rmula: NaAlSi<sub>2<\/sub>O<sub>6<\/sub><\/p>\n<p>Sistema cristalino: Monocl\u00ednico.<\/p>\n<p>Forma y h\u00e1bito: Raras veces se encuentra en cristales aislados. Granular en agregados compactos.<\/p>\n<p><strong>Propiedades f\u00edsicas: <\/strong><\/p>\n<p>Color:<strong> <\/strong>Verde manzana a verde esmeralda. Puede ser blanco con manchas verdes.<\/p>\n<p>Exfoliaci\u00f3n: {110} buena 87\u00bay 93\u00ba.<\/p>\n<p>Partici\u00f3n: {100}, pero poco com\u00fan.<\/p>\n<p>Fractura astillosa.<\/p>\n<p>Raya: Incolora.<\/p>\n<p>Brillo: V\u00edtreo.<\/p>\n<p>Dureza: <strong>H <\/strong>6<\/p>\n<p>Peso espec\u00edfico: <strong>G<\/strong> 3,3 &#8211; 3,5 g\/cm<sup>3<\/sup>.<\/p>\n<p><strong>Composici\u00f3n:<\/strong> Na<sub>2<\/sub>O 15,4% Al<sub>2<\/sub>O<sub>3<\/sub> 25,2% SiO<sub>2 <\/sub>59,4%. No hay sustituci\u00f3n de Si por Al. La sustituci\u00f3n de Al por Fe<sup>3+<\/sup> en la jade\u00edta es muy limitada.<\/p>\n<p><img loading=\"lazy\" decoding=\"async\" width=\"1307\" height=\"480\" src=\"http:\/\/minevindel.com\/wp-content\/uploads\/2026\/01\/word-image-674-6.png\" class=\"wp-image-680\" srcset=\"http:\/\/minevindel.com\/wp-content\/uploads\/2026\/01\/word-image-674-6.png 1307w, http:\/\/minevindel.com\/wp-content\/uploads\/2026\/01\/word-image-674-6-300x110.png 300w, http:\/\/minevindel.com\/wp-content\/uploads\/2026\/01\/word-image-674-6-1024x376.png 1024w, http:\/\/minevindel.com\/wp-content\/uploads\/2026\/01\/word-image-674-6-768x282.png 768w\" sizes=\"auto, (max-width: 1307px) 100vw, 1307px\" \/><\/p>\n<p>Pendiente de jade\u00edta. Ciudad Prohibida. Pek\u00edn. Foto E. Vindel.<\/p>\n<p><strong>ESPODUMENA<\/strong><\/p>\n<p>F\u00f3rmula: LiAlSi<sub>2<\/sub>O<sub>6<\/sub><\/p>\n<p>Sistema cristalino: Monocl\u00ednico.<\/p>\n<p>Forma y h\u00e1bito: Cristales prism\u00e1ticos aplastados sobre {100}. Estriado vertical, con caras rugosas y cristales grandes. Maclas sobre {100}.<\/p>\n<p><strong>Propiedades f\u00edsicas: <\/strong><\/p>\n<p>Color: Blanco, gris, rosa, amarillo, verde, lila. La variedad de color lila claro, se llama kunzita y la variedad verde esmeralda claro, hidenita.<\/p>\n<p>Exfoliaci\u00f3n: {110} buena a 87\u00bay 93\u00ba.<\/p>\n<p>Partici\u00f3n: {100}<\/p>\n<p>Fractura irregular, subconcoidea.<\/p>\n<p>Raya: Blanca.<\/p>\n<p>Brillo: V\u00edtreo.<\/p>\n<p>Dureza: <strong>H <\/strong>6,5 &#8211; 7<\/p>\n<p>Peso espec\u00edfico: <strong>G<\/strong> 3,15 &#8211; 3,20 g\/cm<sup>3<\/sup>.<\/p>\n<p><strong>Composici\u00f3n:<\/strong> Li<sub>2<\/sub>O 8,0% Al<sub>2<\/sub>O<sub>3<\/sub> 27,4% SiO<sub>2 <\/sub>64,6%. Por lo com\u00fan tiene una peque\u00f1a cantidad de Na sustituyendo al Li.<\/p>\n<p><img loading=\"lazy\" decoding=\"async\" width=\"640\" height=\"480\" alt=\"E:\\1_DOCUMENTOS\\SILICATOS\\imagenes minerales\\FOTOS SILICATOS VISU\\Minerales 042.jpg\" src=\"http:\/\/minevindel.com\/wp-content\/uploads\/2026\/01\/e-1_documentos-silicatos-imagenes-minerales-fotos-5.jpeg\" class=\"wp-image-681\" srcset=\"http:\/\/minevindel.com\/wp-content\/uploads\/2026\/01\/e-1_documentos-silicatos-imagenes-minerales-fotos-5.jpeg 640w, http:\/\/minevindel.com\/wp-content\/uploads\/2026\/01\/e-1_documentos-silicatos-imagenes-minerales-fotos-5-300x225.jpeg 300w\" sizes=\"auto, (max-width: 640px) 100vw, 640px\" \/><\/p>\n<p>Espodumena. Cristales aplanados. Colecci\u00f3n de la Universidad Complutense.<\/p>\n<p><img loading=\"lazy\" decoding=\"async\" width=\"1299\" height=\"863\" alt=\"E:\\Caja F33\\ESPODUMENA.JPG\" src=\"http:\/\/minevindel.com\/wp-content\/uploads\/2026\/01\/e-caja-f33-espodumena-jpg.jpeg\" class=\"wp-image-682\" srcset=\"http:\/\/minevindel.com\/wp-content\/uploads\/2026\/01\/e-caja-f33-espodumena-jpg.jpeg 1299w, http:\/\/minevindel.com\/wp-content\/uploads\/2026\/01\/e-caja-f33-espodumena-jpg-300x199.jpeg 300w, http:\/\/minevindel.com\/wp-content\/uploads\/2026\/01\/e-caja-f33-espodumena-jpg-1024x680.jpeg 1024w, http:\/\/minevindel.com\/wp-content\/uploads\/2026\/01\/e-caja-f33-espodumena-jpg-768x510.jpeg 768w\" sizes=\"auto, (max-width: 1299px) 100vw, 1299px\" \/><\/p>\n<p>Cristales rosas y blancos de espodumena. Colecci\u00f3n privada de E. Vindel.<\/p>\n<p><img loading=\"lazy\" decoding=\"async\" width=\"1300\" height=\"1733\" alt=\"E:\\2_FOTOS\\USA\\MINERAL-USA WASHINGTON\\KUNZITA2.jpg\" src=\"http:\/\/minevindel.com\/wp-content\/uploads\/2026\/01\/e-2_fotos-usa-mineral-usa-washington-kunzita2-jpg.jpeg\" class=\"wp-image-683\" srcset=\"http:\/\/minevindel.com\/wp-content\/uploads\/2026\/01\/e-2_fotos-usa-mineral-usa-washington-kunzita2-jpg.jpeg 1300w, http:\/\/minevindel.com\/wp-content\/uploads\/2026\/01\/e-2_fotos-usa-mineral-usa-washington-kunzita2-jpg-225x300.jpeg 225w, http:\/\/minevindel.com\/wp-content\/uploads\/2026\/01\/e-2_fotos-usa-mineral-usa-washington-kunzita2-jpg-768x1024.jpeg 768w, http:\/\/minevindel.com\/wp-content\/uploads\/2026\/01\/e-2_fotos-usa-mineral-usa-washington-kunzita2-jpg-1152x1536.jpeg 1152w\" sizes=\"auto, (max-width: 1300px) 100vw, 1300px\" \/><\/p>\n<p>Kunzita. Smithsonian Institution. Foto E. Vindel.<\/p>\n<p><img loading=\"lazy\" decoding=\"async\" width=\"1299\" height=\"974\" alt=\"E:\\2_FOTOS\\USA\\MINERAL-USA WASHINGTON\\KUNZITA.jpg\" src=\"http:\/\/minevindel.com\/wp-content\/uploads\/2026\/01\/e-2_fotos-usa-mineral-usa-washington-kunzita-jpg.jpeg\" class=\"wp-image-684\" srcset=\"http:\/\/minevindel.com\/wp-content\/uploads\/2026\/01\/e-2_fotos-usa-mineral-usa-washington-kunzita-jpg.jpeg 1299w, http:\/\/minevindel.com\/wp-content\/uploads\/2026\/01\/e-2_fotos-usa-mineral-usa-washington-kunzita-jpg-300x225.jpeg 300w, http:\/\/minevindel.com\/wp-content\/uploads\/2026\/01\/e-2_fotos-usa-mineral-usa-washington-kunzita-jpg-1024x768.jpeg 1024w, http:\/\/minevindel.com\/wp-content\/uploads\/2026\/01\/e-2_fotos-usa-mineral-usa-washington-kunzita-jpg-768x576.jpeg 768w\" sizes=\"auto, (max-width: 1299px) 100vw, 1299px\" \/><\/p>\n<p>Hidenita (verde) y Kunzita (color lila). Smithsonian Institution. Foto E. Vindel.<\/p>\n<p><strong>PIROXENOIDES<\/strong><\/p>\n<p>Las estructuras de los piroxenoides son tricl\u00ednicas, tienen h\u00e1bito fibroso y exfoliaci\u00f3n astillosa.<\/p>\n<p><strong>WOLLASTONITA<\/strong><\/p>\n<p>F\u00f3rmula: CaSiO<sub>3<\/sub><\/p>\n<p>Sistema cristalino: Tricl\u00ednico.<\/p>\n<p>Forma y h\u00e1bito: Cristales tabulares, fibrosos y  tambi\u00e9n compacta.<\/p>\n<p><strong>Propiedades f\u00edsicas: <\/strong><\/p>\n<p>Color: Incoloro, blanco, gris.<\/p>\n<p>Exfoliaci\u00f3n: {100} perfecta y {001}, {102} buenas, dando fragmentos astillosos.<\/p>\n<p>Fractura irregular.<\/p>\n<p>Raya: Blanca.<\/p>\n<p>Brillo: V\u00edtreo, perlado en las superficies de exfoliaci\u00f3n.<\/p>\n<p>Dureza: <strong>H <\/strong>5 \u2013 5,5<\/p>\n<p>Peso espec\u00edfico: <strong>G<\/strong> 2,8 \u2013 2,9 g\/cm<sup>3<\/sup>.<\/p>\n<p><strong>Composici\u00f3n:<\/strong> CaO 48,3% SiO<sub>2<\/sub> 51,7%. La mayor\u00eda de la wollastonita es relativamente pura, pero Mn y Fe<sup>2+ <\/sup>pueden estar remplazados por el Ca.<\/p>\n<p><img loading=\"lazy\" decoding=\"async\" width=\"640\" height=\"480\" alt=\"G:\\1_DOCUMENTOS\\SILICATOS\\imagenes minerales\\FOTOS SILICATOS VISU\\Minerales 034.jpg\" src=\"http:\/\/minevindel.com\/wp-content\/uploads\/2026\/01\/g-1_documentos-silicatos-imagenes-minerales-fotos-10.jpeg\" class=\"wp-image-685\" srcset=\"http:\/\/minevindel.com\/wp-content\/uploads\/2026\/01\/g-1_documentos-silicatos-imagenes-minerales-fotos-10.jpeg 640w, http:\/\/minevindel.com\/wp-content\/uploads\/2026\/01\/g-1_documentos-silicatos-imagenes-minerales-fotos-10-300x225.jpeg 300w\" sizes=\"auto, (max-width: 640px) 100vw, 640px\" \/><\/p>\n<p>Wollastonita. Colecci\u00f3n de la Universidad Complutense.<\/p>\n<p><strong>ANFIBOLES<\/strong><\/p>\n<p><strong>TREMOLITA \u2013 ACTINOLITA<\/strong> (Clinoanfiboles)<\/p>\n<p>F\u00f3rmula: Ca<sub>2 <\/sub>Mg<sub>5 <\/sub>Si<sub>8<\/sub>O<sub>22<\/sub> (OH)<sub>2<\/sub> &#8211; Ca<sub>2 <\/sub>(Mg, Fe)<sub>5 <\/sub>Si<sub>8<\/sub>O<sub>22 <\/sub>(OH)<sub>2<\/sub><\/p>\n<p>Sistema cristalino: Monocl\u00ednico.<\/p>\n<p>Forma y h\u00e1bito: En prismas, en hojas, en agregados columnares radiales. Compactos o granulares.<\/p>\n<p><strong>Propiedades f\u00edsicas: <\/strong><\/p>\n<p>Color: Variable de blanco en tremolita a verde en actinolita, m\u00e1s oscuro con el contenido de Fe.<\/p>\n<p>Exfoliaci\u00f3n: {110} perfecta a 56 y 124\u00ba, a menudo superficie astillosa.<\/p>\n<p>Partici\u00f3n: {100}<\/p>\n<p>Fractura irregular.<\/p>\n<p>Raya: Blanca.<\/p>\n<p>Brillo: V\u00edtreo.<\/p>\n<p>Dureza: <strong>H <\/strong>5 &#8211; 6<\/p>\n<p>Peso espec\u00edfico: <strong>G<\/strong> 3,0 \u2013 3,3 g\/cm<sup>3<\/sup><\/p>\n<p><strong>Composici\u00f3n: <\/strong>Existe una serie completa de soluci\u00f3n s\u00f3lida desde la tremolita a la ferroactinolita, Ca<sub>2<\/sub>Fe<sub>5<\/sub>Si<sub>8<\/sub>O<sub>22<\/sub>(OH)<sub>2<\/sub>. El nombre de actinolita se utiliza para los miembros intermedios.<\/p>\n<p>El jade neozeland\u00e9s est\u00e1 formado por un anf\u00edbol microcristalino de calcio y magnesio, llamado <strong>nefrita.<\/strong> Peque\u00f1as cantidades de minerales de hierro y cromo le dan color verde m\u00e1s o menos intenso.<\/p>\n<p><img loading=\"lazy\" decoding=\"async\" width=\"1299\" height=\"863\" alt=\"C:\\Users\\ELENA VINDEL\\Desktop\\Caja F3\\DSC09314.JPG\" src=\"http:\/\/minevindel.com\/wp-content\/uploads\/2026\/01\/c-users-elena-vindel-desktop-caja-f3-dsc09314-jpg.jpeg\" class=\"wp-image-686\" srcset=\"http:\/\/minevindel.com\/wp-content\/uploads\/2026\/01\/c-users-elena-vindel-desktop-caja-f3-dsc09314-jpg.jpeg 1299w, http:\/\/minevindel.com\/wp-content\/uploads\/2026\/01\/c-users-elena-vindel-desktop-caja-f3-dsc09314-jpg-300x199.jpeg 300w, http:\/\/minevindel.com\/wp-content\/uploads\/2026\/01\/c-users-elena-vindel-desktop-caja-f3-dsc09314-jpg-1024x680.jpeg 1024w, http:\/\/minevindel.com\/wp-content\/uploads\/2026\/01\/c-users-elena-vindel-desktop-caja-f3-dsc09314-jpg-768x510.jpeg 768w\" sizes=\"auto, (max-width: 1299px) 100vw, 1299px\" \/><\/p>\n<p>Tremolita. Colecci\u00f3n privada de E. Vindel<\/p>\n<p><img loading=\"lazy\" decoding=\"async\" width=\"1299\" height=\"863\" alt=\"C:\\Users\\Miguel Angel\\Desktop\\Museo de Vitoria\\DSC09370.JPG\" src=\"http:\/\/minevindel.com\/wp-content\/uploads\/2026\/01\/c-users-miguel-angel-desktop-museo-de-vitoria-dsc-11.jpeg\" class=\"wp-image-687\" srcset=\"http:\/\/minevindel.com\/wp-content\/uploads\/2026\/01\/c-users-miguel-angel-desktop-museo-de-vitoria-dsc-11.jpeg 1299w, http:\/\/minevindel.com\/wp-content\/uploads\/2026\/01\/c-users-miguel-angel-desktop-museo-de-vitoria-dsc-11-300x199.jpeg 300w, http:\/\/minevindel.com\/wp-content\/uploads\/2026\/01\/c-users-miguel-angel-desktop-museo-de-vitoria-dsc-11-1024x680.jpeg 1024w, http:\/\/minevindel.com\/wp-content\/uploads\/2026\/01\/c-users-miguel-angel-desktop-museo-de-vitoria-dsc-11-768x510.jpeg 768w\" sizes=\"auto, (max-width: 1299px) 100vw, 1299px\" \/><\/p>\n<p>Actinolita. Museo de Ciencias Naturales de \u00c1lava. Foto E. Vindel.<\/p>\n<p><img loading=\"lazy\" decoding=\"async\" width=\"411\" height=\"411\" src=\"http:\/\/minevindel.com\/wp-content\/uploads\/2026\/01\/word-image-674-14.jpeg\" class=\"wp-image-688\" srcset=\"http:\/\/minevindel.com\/wp-content\/uploads\/2026\/01\/word-image-674-14.jpeg 411w, http:\/\/minevindel.com\/wp-content\/uploads\/2026\/01\/word-image-674-14-300x300.jpeg 300w, http:\/\/minevindel.com\/wp-content\/uploads\/2026\/01\/word-image-674-14-150x150.jpeg 150w\" sizes=\"auto, (max-width: 411px) 100vw, 411px\" \/><\/p>\n<p>Nefrita. Nueva Zelanda. Colecci\u00f3n privada de E. Vindel.<\/p>\n<p><strong>HORNBLENDA<\/strong><\/p>\n<p>F\u00f3rmula: (Ca, Na)<sub>2-3 <\/sub>(Mg, Fe<sup>2+<\/sup>, Fe<sup>3+<\/sup>, Al)<sub>5<\/sub> Si<sub>6 <\/sub>(Si, Al<sub>2<\/sub>O<sub>22<\/sub>) (OH)<sub>2<\/sub><\/p>\n<p>Sistema cristalino: Monocl\u00ednico.<\/p>\n<p>Forma y h\u00e1bito: Cristales prism\u00e1ticos terminados por {011}. Agregados columnares, fibrosos, compactos.<\/p>\n<p><strong>Propiedades f\u00edsicas: <\/strong><\/p>\n<p>Color: Verdoso oscuro a negro.<\/p>\n<p>Exfoliaci\u00f3n: {110} perfecta a 56 y 124\u00ba.<\/p>\n<p>Partici\u00f3n: {100}<\/p>\n<p>Fractura irregular.<\/p>\n<p>Raya: Verde gris\u00e1cea.<\/p>\n<p>Brillo: V\u00edtreo, la variedad fibrosa es sedosa.<\/p>\n<p>Dureza: <strong>H <\/strong>5 &#8211; 6<\/p>\n<p>Peso espec\u00edfico: <strong>G<\/strong> 3,0 \u2013 3,4 g\/cm<sup>3<\/sup><\/p>\n<p><strong>Composici\u00f3n: <\/strong>Lo que se comprende con el nombre \u201chornblenda\u201d es una serie compleja, cuya composici\u00f3n var\u00eda Ca\/Na, Mg\/Fe<sup>2+<\/sup>, Al\/Si, OH\/F.<\/p>\n<p><img loading=\"lazy\" decoding=\"async\" width=\"1100\" height=\"880\" alt=\"G:\\1_DOCUMENTOS\\GEOIMAGENES MA\\Figura 17. Hornblenda.jpg\" src=\"http:\/\/minevindel.com\/wp-content\/uploads\/2026\/01\/g-1_documentos-geoimagenes-ma-figura-17-hornblen.jpeg\" class=\"wp-image-689\" srcset=\"http:\/\/minevindel.com\/wp-content\/uploads\/2026\/01\/g-1_documentos-geoimagenes-ma-figura-17-hornblen.jpeg 1100w, http:\/\/minevindel.com\/wp-content\/uploads\/2026\/01\/g-1_documentos-geoimagenes-ma-figura-17-hornblen-300x240.jpeg 300w, http:\/\/minevindel.com\/wp-content\/uploads\/2026\/01\/g-1_documentos-geoimagenes-ma-figura-17-hornblen-1024x819.jpeg 1024w, http:\/\/minevindel.com\/wp-content\/uploads\/2026\/01\/g-1_documentos-geoimagenes-ma-figura-17-hornblen-768x614.jpeg 768w\" sizes=\"auto, (max-width: 1100px) 100vw, 1100px\" \/><\/p>\n<p>Hornblenda. Colecci\u00f3n privada de E. Vindel.<\/p>\n","protected":false},"excerpt":{"rendered":"<p>11. INOSILICATOS PIROXENOS ENSTATITA \u2013 HIPERESTENA (Ortopiroxenos) F\u00f3rmula: MgSiO3 \u2013 (Mg, Fe) SiO3 Sistema cristalino: R\u00f3mbico. Forma y h\u00e1bito: Prism\u00e1tico. Se presenta masiva, fibrosa o laminar. Propiedades f\u00edsicas: Color: Las variedades ricas en Mg tienen tonalidades verdosas y marrones. Tambi\u00e9n blanco y verde. Las variedades ricas en Fe tienen tonos verdes, marrones oscuro o negros.&hellip; <a class=\"more-link\" href=\"http:\/\/minevindel.com\/index.php\/tema-11\/\">Seguir leyendo <span class=\"screen-reader-text\">Tema 11<\/span><\/a><\/p>\n","protected":false},"author":1,"featured_media":0,"parent":0,"menu_order":0,"comment_status":"closed","ping_status":"closed","template":"","meta":{"footnotes":""},"class_list":["post-674","page","type-page","status-publish","hentry","entry"],"_links":{"self":[{"href":"http:\/\/minevindel.com\/index.php\/wp-json\/wp\/v2\/pages\/674","targetHints":{"allow":["GET"]}}],"collection":[{"href":"http:\/\/minevindel.com\/index.php\/wp-json\/wp\/v2\/pages"}],"about":[{"href":"http:\/\/minevindel.com\/index.php\/wp-json\/wp\/v2\/types\/page"}],"author":[{"embeddable":true,"href":"http:\/\/minevindel.com\/index.php\/wp-json\/wp\/v2\/users\/1"}],"replies":[{"embeddable":true,"href":"http:\/\/minevindel.com\/index.php\/wp-json\/wp\/v2\/comments?post=674"}],"version-history":[{"count":1,"href":"http:\/\/minevindel.com\/index.php\/wp-json\/wp\/v2\/pages\/674\/revisions"}],"predecessor-version":[{"id":690,"href":"http:\/\/minevindel.com\/index.php\/wp-json\/wp\/v2\/pages\/674\/revisions\/690"}],"wp:attachment":[{"href":"http:\/\/minevindel.com\/index.php\/wp-json\/wp\/v2\/media?parent=674"}],"curies":[{"name":"wp","href":"https:\/\/api.w.org\/{rel}","templated":true}]}}