{"id":1002,"date":"2026-04-17T20:20:30","date_gmt":"2026-04-17T20:20:30","guid":{"rendered":"https:\/\/minevindel.com\/?page_id=1002"},"modified":"2026-04-19T16:38:31","modified_gmt":"2026-04-19T16:38:31","slug":"politica-de-privacidad","status":"publish","type":"page","link":"http:\/\/minevindel.com\/index.php\/politica-de-privacidad\/","title":{"rendered":"Textos legales"},"content":{"rendered":"\n<h3 class=\"wp-block-heading\"><strong>Aviso legal, pol\u00edtica de cookies, pol\u00edtica de  privacidad<\/strong><\/h3>\n\n\n\n<h2 class=\"wp-block-heading\"><strong>Qui\u00e9nes somos<\/strong><\/h2>\n\n\n\n<p><strong>Esta es una web exclusivamente docente, sin animo de lucro<\/strong>, <strong>ni formularios<\/strong><\/p>\n\n\n\n<p><strong>La direcci\u00f3n de mi web es: https:\/\/minevindel.com<\/strong><\/p>\n\n\n\n<p><strong>Mar\u00eda Elena Vindel Catena<\/strong><\/p>\n\n\n\n<p><strong>Profesora jubilada de la Universidad Complutense<\/strong><\/p>\n\n\n\n<p><strong>evindel@minevindel.com<\/strong><\/p>\n\n\n\n<p><strong>914020361<\/strong><\/p>\n\n\n\n<p><strong>Esta web esta alojada en el servidor de Raiola<\/strong> <strong>Networks<\/strong><\/p>\n\n\n\n<p><strong>Tiene certificado SSL activo<\/strong><\/p>\n\n\n\n<p class=\"has-white-color has-text-color has-link-color wp-elements-c645e628e62f8fbab9d9726851472d16\"><\/p>\n\n\n\n<h3 class=\"wp-block-heading\"><strong>No hay formularios donde se puedan recopilar datos.<\/strong><\/h3>\n\n\n\n<p><\/p>\n\n\n\n<h3 class=\"wp-block-heading\"><strong>Contenido incrustado de otros sitios web<\/strong><\/h3>\n\n\n\n<p class=\"has-black-color has-text-color has-link-color wp-elements-e0481e14c4029ad8a4a63b61484a5aac\"><strong>Desde esta web solo hay un enlace a otra p\u00e1gina web. Dicha web es la creadora del programa con el que hemos hecho esta web. Es caso de acceder desde aqu\u00ed a WordPress, consulta sus textos legales.<\/strong><\/p>\n\n\n\n<h3 class=\"wp-block-heading\"><strong>Con qui\u00e9n compartimos tus datos<\/strong><\/h3>\n\n\n\n<p><strong class=\"privacy-policy-tutorial\">No recopilamos ning\u00fan tipo de datos<\/strong><\/p>\n\n\n\n<p><strong>Esta pagina web esta hecha con WordPress<\/strong><\/p>\n\n\n\n<p><strong>por Miguel \u00c1ngel Mi\u00f1\u00f3n<\/strong>. <strong>evindel@minevindel.com<\/strong><\/p>\n\n\n\n<p><strong>No se ha a\u00f1adido ninguna cookies en su desarrollo<\/strong>.<\/p>\n\n\n\n<p><strong>Se ha utilizado el tema Twenty Twenty-One<\/strong>.<\/p>\n\n\n\n<p><strong>Twenty Twenty-One usa LocalStorage cuando la compatibilidad con el modo oscuro est\u00e1 activada. Esta web usa LocalStorage para guardar los ajustes cuando la compatibilidad con el modo oscuro est\u00e1 activada o desactivada.<br>Es necesario LocalStorage para que el ajuste funcione y solo se usa cuando un usuario hace clic en el bot\u00f3n del modo oscuro.<br>Ning\u00fan dato se guarda en la base de datos o es transferido.<\/strong><\/p>\n\n\n\n<p><strong>Plugins instalados<\/strong><\/p>\n\n\n\n<p><strong>LitesSpeed Cache<\/strong>. <strong>Estado:<\/strong> <strong>Desactivado.<\/strong> Este sitio utiliza el almacenamiento en la cach\u00e9 para facilitar un tiempo de respuesta m\u00e1s r\u00e1pido y una mejor experiencia de usuario. El almacenamiento en la cach\u00e9, potencialmente, almacena una copia duplicada de cada p\u00e1gina web que se muestra en este sitio. Todos los archivos de la cach\u00e9 son temporales y nunca acceden a ellos terceras partes, salvo cuando necesario para obtener soporte t\u00e9cnico del proveedor del plugin de cach\u00e9. Los archivos de la cach\u00e9 caducan en una programaci\u00f3n establecida por el administrador del sitio, pero pueden ser f\u00e1cilmente purgados por el administrador antes de su caducidad natural, si fuese necesario. Podemos usar los servicios de QUIC.cloud para procesar y almacenar tus datos temporalmente en la cach\u00e9.<\/p>\n\n\n\n<p><strong>Limit Login Attempts Reloaded<\/strong>. <strong>Estado: Desactivado.<\/strong><\/p>\n\n\n\n<p><strong>Maintenance<\/strong><\/p>\n\n\n\n<p><strong>Mammoth.docx converter<\/strong><\/p>\n\n\n\n<p><\/p>\n\n\n\n<p><\/p>\n","protected":false},"excerpt":{"rendered":"<p>Aviso legal, pol\u00edtica de cookies, pol\u00edtica de privacidad Qui\u00e9nes somos Esta es una web exclusivamente docente, sin animo de lucro, ni formularios La direcci\u00f3n de mi web es: https:\/\/minevindel.com Mar\u00eda Elena Vindel Catena Profesora jubilada de la Universidad Complutense evindel@minevindel.com 914020361 Esta web esta alojada en el servidor de Raiola Networks Tiene certificado SSL activo&hellip; <a class=\"more-link\" href=\"http:\/\/minevindel.com\/index.php\/politica-de-privacidad\/\">Seguir leyendo <span class=\"screen-reader-text\">Textos legales<\/span><\/a><\/p>\n","protected":false},"author":1,"featured_media":0,"parent":0,"menu_order":0,"comment_status":"closed","ping_status":"closed","template":"","meta":{"footnotes":""},"class_list":["post-1002","page","type-page","status-publish","hentry","entry"],"_links":{"self":[{"href":"http:\/\/minevindel.com\/index.php\/wp-json\/wp\/v2\/pages\/1002","targetHints":{"allow":["GET"]}}],"collection":[{"href":"http:\/\/minevindel.com\/index.php\/wp-json\/wp\/v2\/pages"}],"about":[{"href":"http:\/\/minevindel.com\/index.php\/wp-json\/wp\/v2\/types\/page"}],"author":[{"embeddable":true,"href":"http:\/\/minevindel.com\/index.php\/wp-json\/wp\/v2\/users\/1"}],"replies":[{"embeddable":true,"href":"http:\/\/minevindel.com\/index.php\/wp-json\/wp\/v2\/comments?post=1002"}],"version-history":[{"count":48,"href":"http:\/\/minevindel.com\/index.php\/wp-json\/wp\/v2\/pages\/1002\/revisions"}],"predecessor-version":[{"id":1104,"href":"http:\/\/minevindel.com\/index.php\/wp-json\/wp\/v2\/pages\/1002\/revisions\/1104"}],"wp:attachment":[{"href":"http:\/\/minevindel.com\/index.php\/wp-json\/wp\/v2\/media?parent=1002"}],"curies":[{"name":"wp","href":"https:\/\/api.w.org\/{rel}","templated":true}]}}